{"id":11,"date":"2023-04-27T18:10:28","date_gmt":"2023-04-27T18:10:28","guid":{"rendered":"https:\/\/sinergiasmarketing.com\/?page_id=11"},"modified":"2024-03-04T14:45:46","modified_gmt":"2024-03-04T14:45:46","slug":"inicio","status":"publish","type":"page","link":"https:\/\/sinergiasmarketing.com\/","title":{"rendered":"Inicio"},"content":{"rendered":"<p>[et_pb_section fb_built=&#8221;1&#8243; custom_padding_last_edited=&#8221;off|desktop&#8221; admin_label=&#8221;Header&#8221; _builder_version=&#8221;4.20.4&#8243; background_image=&#8221;http:\/\/sinergiasmarketing.com\/wp-content\/uploads\/2023\/05\/Sinergias-Marketing-1.png&#8221; width=&#8221;100%&#8221; module_alignment=&#8221;center&#8221; height=&#8221;590px&#8221; max_height=&#8221;1000px&#8221; custom_margin=&#8221;0px||||false|false&#8221; custom_padding=&#8221;0vw||0vw||true|false&#8221; custom_padding_tablet=&#8221;||||false|false&#8221; custom_padding_phone=&#8221;||||false|false&#8221; global_colors_info=&#8221;{}&#8221;][et_pb_row _builder_version=&#8221;4.20.4&#8243; _module_preset=&#8221;default&#8221; global_colors_info=&#8221;{}&#8221;][et_pb_column type=&#8221;4_4&#8243; _builder_version=&#8221;4.20.4&#8243; _module_preset=&#8221;default&#8221; global_colors_info=&#8221;{}&#8221;][et_pb_text _builder_version=&#8221;4.20.4&#8243; _module_preset=&#8221;default&#8221; text_font=&#8221;Aclonica||||||||&#8221; header_font=&#8221;Open Sans|800||||on|||&#8221; header_font_size=&#8221;61px&#8221; header_letter_spacing=&#8221;1px&#8221; header_2_font_size=&#8221;20px&#8221; module_alignment=&#8221;left&#8221; custom_margin=&#8221;185px||||false|false&#8221; custom_margin_tablet=&#8221;185px||||false|false&#8221; custom_margin_phone=&#8221;110px||||false|false&#8221; custom_margin_last_edited=&#8221;on|phone&#8221; animation_style=&#8221;fade&#8221; hover_enabled=&#8221;0&#8243; header_font_tablet=&#8221;Open Sans|800||||on|||&#8221; header_font_phone=&#8221;Open Sans|800||||on|||&#8221; header_font_last_edited=&#8221;on|phone&#8221; global_colors_info=&#8221;{}&#8221; sticky_enabled=&#8221;0&#8243;]<\/p>\n<h1><span style=\"color: #ffffff;\">Sinergias<\/span><\/h1>\n<p>[\/et_pb_text][et_pb_text _builder_version=&#8221;4.20.4&#8243; _module_preset=&#8221;default&#8221; text_font_size=&#8221;11px&#8221; header_font_size=&#8221;28px&#8221; header_2_font=&#8221;Archivo Narrow||||||||&#8221; header_2_font_size=&#8221;70px&#8221; header_2_line_height=&#8221;0em&#8221; animation_style=&#8221;zoom&#8221; global_colors_info=&#8221;{}&#8221;]<\/p>\n<h2><span style=\"color: #ffffff;\">Marketing<\/span><\/h2>\n<p>[\/et_pb_text][\/et_pb_column][\/et_pb_row][et_pb_row _builder_version=&#8221;4.20.4&#8243; _module_preset=&#8221;default&#8221; global_colors_info=&#8221;{}&#8221;][et_pb_column type=&#8221;4_4&#8243; _builder_version=&#8221;4.20.4&#8243; _module_preset=&#8221;default&#8221; global_colors_info=&#8221;{}&#8221;][et_pb_text _builder_version=&#8221;4.20.4&#8243; _module_preset=&#8221;default&#8221; width=&#8221;58%&#8221; global_colors_info=&#8221;{}&#8221;]<\/p>\n<p><span style=\"color: #ffffff;\"><strong>Somos especialistas en Optimizaci\u00f3n para Motores de B\u00fasqueda o Search Engine Optimization (SEO por sus siglas en ingl\u00e9s), aplicamos\u00a0 una serie de estrategias y t\u00e9cnicas que ayudan a que los sitios web tengan una mayor visibilidad.<\/strong><\/span><\/p>\n<p>[\/et_pb_text][\/et_pb_column][\/et_pb_row][\/et_pb_section][et_pb_section fb_built=&#8221;1&#8243; admin_label=&#8221;Services&#8221; _builder_version=&#8221;4.20.4&#8243; background_color=&#8221;rgba(0,0,0,0)&#8221; custom_margin=&#8221;28px||||false|false&#8221; custom_padding=&#8221;0px||19px||false|false&#8221; global_colors_info=&#8221;{}&#8221;][et_pb_row column_structure=&#8221;1_3,1_3,1_3&#8243; _builder_version=&#8221;4.20.4&#8243; _module_preset=&#8221;default&#8221; border_width_all=&#8221;0.5px&#8221; global_colors_info=&#8221;{}&#8221;][et_pb_column type=&#8221;1_3&#8243; _builder_version=&#8221;4.20.4&#8243; _module_preset=&#8221;default&#8221; custom_padding=&#8221;0px|0px|0px|0px|false|false&#8221; global_colors_info=&#8221;{}&#8221;][et_pb_icon font_icon=&#8221;&#x4c;||divi||400&#8243; icon_width=&#8221;39px&#8221; _builder_version=&#8221;4.20.4&#8243; _module_preset=&#8221;default&#8221; global_colors_info=&#8221;{}&#8221;][\/et_pb_icon][et_pb_text _builder_version=&#8221;4.20.4&#8243; _module_preset=&#8221;default&#8221; animation_style=&#8221;slide&#8221; global_colors_info=&#8221;{}&#8221;]<\/p>\n<h2 style=\"text-align: center;\"><strong>Social media strategy<\/strong><\/h2>\n<p>[\/et_pb_text][et_pb_text _builder_version=&#8221;4.20.4&#8243; _module_preset=&#8221;default&#8221; custom_margin=&#8221;-17px|||||&#8221; custom_padding=&#8221;|20px||20px|false|false&#8221; custom_padding_tablet=&#8221;|20px||20px|false|false&#8221; custom_padding_phone=&#8221;|20px||20px|false|false&#8221; custom_padding_last_edited=&#8221;on|phone&#8221; global_colors_info=&#8221;{}&#8221;]<\/p>\n<p>Dise\u00f1amos la estrategia global a seguir en las Redes Sociales y establecemos un plan de acci\u00f3n que se llevar\u00e1n a cabo en los diferentes canales de comunicaci\u00f3n, calendariz\u00e1ndolas y marcando los diferentes hitos que conducir\u00e1n a alcanzar tus objetivos.<\/p>\n<p>[\/et_pb_text][\/et_pb_column][et_pb_column type=&#8221;1_3&#8243; _builder_version=&#8221;4.20.4&#8243; _module_preset=&#8221;default&#8221; global_colors_info=&#8221;{}&#8221;][et_pb_icon font_icon=&#8221;&#x4c;||divi||400&#8243; icon_width=&#8221;39px&#8221; _builder_version=&#8221;4.20.4&#8243; _module_preset=&#8221;default&#8221; global_colors_info=&#8221;{}&#8221;][\/et_pb_icon][et_pb_text _builder_version=&#8221;4.20.4&#8243; _module_preset=&#8221;default&#8221; global_colors_info=&#8221;{}&#8221;]<\/p>\n<h2 style=\"text-align: center;\"><strong>Desarrollo Web<\/strong><\/h2>\n<p>[\/et_pb_text][et_pb_text _builder_version=&#8221;4.20.4&#8243; _module_preset=&#8221;default&#8221; custom_margin=&#8221;-16px|||||&#8221; custom_padding=&#8221;|20px||20px|false|false&#8221; custom_padding_tablet=&#8221;|20px||20px|false|false&#8221; custom_padding_phone=&#8221;|20px||20px|false|false&#8221; custom_padding_last_edited=&#8221;on|phone&#8221; global_colors_info=&#8221;{}&#8221;]<\/p>\n<p>Creamos tu sitio web de acuerdo a los intereses informativos y de negocio, te ayuamos a definir la arquitectura de informaci\u00f3n y lo mantenemos actualizado por ti. Trabajamos con los m\u00e1s actualizados estandares SEO para que tu sitio aparezca en los resultados de Google.<\/p>\n<p>[\/et_pb_text][\/et_pb_column][et_pb_column type=&#8221;1_3&#8243; _builder_version=&#8221;4.20.4&#8243; _module_preset=&#8221;default&#8221; global_colors_info=&#8221;{}&#8221;][et_pb_icon font_icon=&#8221;&#x4c;||divi||400&#8243; icon_width=&#8221;39px&#8221; _builder_version=&#8221;4.20.4&#8243; _module_preset=&#8221;default&#8221; global_colors_info=&#8221;{}&#8221;][\/et_pb_icon][et_pb_text _builder_version=&#8221;4.20.4&#8243; _module_preset=&#8221;default&#8221; global_colors_info=&#8221;{}&#8221;]<\/p>\n<h2 style=\"text-align: center;\"><strong>Gesti\u00f3n de comunidad<\/strong><\/h2>\n<p>[\/et_pb_text][et_pb_text _builder_version=&#8221;4.20.4&#8243; _module_preset=&#8221;default&#8221; custom_margin=&#8221;-15px|||||&#8221; custom_padding=&#8221;|20px||20px|false|false&#8221; global_colors_info=&#8221;{}&#8221;]<\/p>\n<p>Te ayudamos a generar los contenidos y copys ganadores que promuevan la visibilidad de tu marca y la interactividad. Gestionamos tu comunidad de acuerdo a tus intereses comunicaciones. Gestionamos tu reputaci\u00f3n en redes sociales.<\/p>\n<p>&nbsp;<\/p>\n<p>[\/et_pb_text][dnxte_advanced_tab _builder_version=&#8221;4.20.4&#8243; _module_preset=&#8221;default&#8221; global_colors_info=&#8221;{}&#8221;][\/dnxte_advanced_tab][\/et_pb_column][\/et_pb_row][\/et_pb_section][et_pb_section fb_built=&#8221;1&#8243; _builder_version=&#8221;4.20.4&#8243; _module_preset=&#8221;default&#8221; background_color=&#8221;#fcf3cf&#8221; global_colors_info=&#8221;{}&#8221;][et_pb_row _builder_version=&#8221;4.20.4&#8243; _module_preset=&#8221;default&#8221; global_colors_info=&#8221;{}&#8221;][et_pb_column type=&#8221;4_4&#8243; _builder_version=&#8221;4.20.4&#8243; _module_preset=&#8221;default&#8221; global_colors_info=&#8221;{}&#8221;][et_pb_text _builder_version=&#8221;4.20.4&#8243; _module_preset=&#8221;default&#8221; header_2_font=&#8221;Open Sans|800|||||||&#8221; header_2_text_color=&#8221;rgba(0,0,0,0.39)&#8221; global_colors_info=&#8221;{}&#8221;]<\/p>\n<h2 style=\"text-align: center;\">Si no apareces en los motores de b\u00fasquedas no existes<\/h2>\n<p>[\/et_pb_text][\/et_pb_column][\/et_pb_row][et_pb_row column_structure=&#8221;1_4,1_4,1_4,1_4&#8243; _builder_version=&#8221;4.20.4&#8243; _module_preset=&#8221;default&#8221; global_colors_info=&#8221;{}&#8221;][et_pb_column type=&#8221;1_4&#8243; _builder_version=&#8221;4.20.4&#8243; _module_preset=&#8221;default&#8221; global_colors_info=&#8221;{}&#8221;][et_pb_text _builder_version=&#8221;4.20.4&#8243; _module_preset=&#8221;default&#8221; global_colors_info=&#8221;{}&#8221;]<\/p>\n<h3><strong>SEO t\u00e9cnico<\/strong><\/h3>\n<p>[\/et_pb_text][et_pb_text _builder_version=&#8221;4.20.4&#8243; _module_preset=&#8221;default&#8221; custom_margin=&#8221;-23px|||||&#8221; global_colors_info=&#8221;{}&#8221;]<\/p>\n<p>Realizamos diagn\u00f3sticos y mejoras t\u00e9cnicas necesarias en tu sitio web para garantizar el rastreo correcto y la indexaci\u00f3n de los contenidos por parte de los motores de b\u00fasqueda m\u00e1s populares.<\/p>\n<p>[\/et_pb_text][\/et_pb_column][et_pb_column type=&#8221;1_4&#8243; _builder_version=&#8221;4.20.4&#8243; _module_preset=&#8221;default&#8221; global_colors_info=&#8221;{}&#8221;][et_pb_text _builder_version=&#8221;4.20.4&#8243; _module_preset=&#8221;default&#8221; global_colors_info=&#8221;{}&#8221;]<\/p>\n<h3><strong>SEO local<\/strong><\/h3>\n<p>[\/et_pb_text][et_pb_text _builder_version=&#8221;4.20.4&#8243; _module_preset=&#8221;default&#8221; custom_margin=&#8221;-22px|||||&#8221; global_colors_info=&#8221;{}&#8221;]<\/p>\n<p>Te ayudamos a optimizar tu presencia on line, aumentar el tr\u00e1fico y el reconocimiento de tu marca a nivel local. Especialmente dirigido a tiendas con presencia f\u00edsica en una localidad o zona geogr\u00e1fica.<\/p>\n<p>[\/et_pb_text][\/et_pb_column][et_pb_column type=&#8221;1_4&#8243; _builder_version=&#8221;4.20.4&#8243; _module_preset=&#8221;default&#8221; global_colors_info=&#8221;{}&#8221;][et_pb_text _builder_version=&#8221;4.20.4&#8243; _module_preset=&#8221;default&#8221; global_colors_info=&#8221;{}&#8221;]<\/p>\n<h3><strong>Google Ads<\/strong><\/h3>\n<p>[\/et_pb_text][et_pb_text _builder_version=&#8221;4.20.4&#8243; _module_preset=&#8221;default&#8221; custom_margin=&#8221;-27px|||||&#8221; custom_padding=&#8221;0px|||||&#8221; global_colors_info=&#8221;{}&#8221;]<\/p>\n<p>Aumenta las ventas en l\u00ednea, impulsa tu tr\u00e1fico web, maximiza los clientes potenciales y las conversiones. Hacemos que tus objetivos se cumplan y te acompa\u00f1amos en las estrategias para conseguirlo.<\/p>\n<p>[\/et_pb_text][\/et_pb_column][et_pb_column type=&#8221;1_4&#8243; _builder_version=&#8221;4.20.4&#8243; _module_preset=&#8221;default&#8221; global_colors_info=&#8221;{}&#8221;][et_pb_text _builder_version=&#8221;4.20.4&#8243; _module_preset=&#8221;default&#8221; custom_margin=&#8221;||6px|||&#8221; global_colors_info=&#8221;{}&#8221;]<\/p>\n<h3><strong>SEO de contenido<\/strong><\/h3>\n<p>[\/et_pb_text][et_pb_text _builder_version=&#8221;4.20.4&#8243; _module_preset=&#8221;default&#8221; global_colors_info=&#8221;{}&#8221;]<\/p>\n<p>Optimizamos tus contenidos de acuerdo a las mejores practicas SEO para que tus p\u00e1ginas ocupen los primeros lugares en los resultados que ofrece Google y otros buscadores.<\/p>\n<p>[\/et_pb_text][\/et_pb_column][\/et_pb_row][\/et_pb_section]<\/p>\n","protected":false},"excerpt":{"rendered":"<p>SinergiasMarketingSomos especialistas en Optimizaci\u00f3n para Motores de B\u00fasqueda o Search Engine Optimization (SEO por sus siglas en ingl\u00e9s), aplicamos\u00a0 una serie de estrategias y t\u00e9cnicas que ayudan a que los sitios web tengan una mayor visibilidad.Social media strategyDise\u00f1amos la estrategia global a seguir en las Redes Sociales y establecemos un plan de acci\u00f3n que se [&hellip;]<\/p>\n","protected":false},"author":1,"featured_media":0,"parent":0,"menu_order":0,"comment_status":"closed","ping_status":"closed","template":"","meta":{"_et_pb_use_builder":"on","_et_pb_old_content":"","_et_gb_content_width":"","footnotes":""},"yoast_head":"<!-- This site is optimized with the Yoast SEO plugin v22.1 - https:\/\/yoast.com\/wordpress\/plugins\/seo\/ -->\n<title>Inicio - Optimizaci\u00f3n para Motores de B\u00fasqueda | sinergiasmarketing.com<\/title>\n<meta name=\"description\" content=\"Somos especialistas en Search Engine Optimization, aplicamos estrategias y t\u00e9cnicas que ayudan a posicionar mejor tu web.\" \/>\n<meta name=\"robots\" content=\"index, follow, max-snippet:-1, max-image-preview:large, max-video-preview:-1\" \/>\n<link rel=\"canonical\" href=\"https:\/\/sinergiasmarketing.com\/\" \/>\n<meta property=\"og:locale\" content=\"en_US\" \/>\n<meta property=\"og:type\" content=\"article\" \/>\n<meta property=\"og:title\" content=\"Inicio - Optimizaci\u00f3n para Motores de B\u00fasqueda | sinergiasmarketing.com\" \/>\n<meta property=\"og:description\" content=\"Somos especialistas en Search Engine Optimization, aplicamos estrategias y t\u00e9cnicas que ayudan a posicionar mejor tu web.\" \/>\n<meta property=\"og:url\" content=\"https:\/\/sinergiasmarketing.com\/\" \/>\n<meta property=\"og:site_name\" content=\"Optimizaci\u00f3n para Motores de B\u00fasqueda | sinergiasmarketing.com\" \/>\n<meta property=\"article:modified_time\" content=\"2024-03-04T14:45:46+00:00\" \/>\n<meta property=\"og:image\" content=\"https:\/\/sinergiasmarketing.com\/wp-content\/uploads\/2023\/12\/cropped-Marketing-512-x-512-px.png\" \/>\n\t<meta property=\"og:image:width\" content=\"512\" \/>\n\t<meta property=\"og:image:height\" content=\"512\" \/>\n\t<meta property=\"og:image:type\" content=\"image\/png\" \/>\n<meta name=\"twitter:card\" content=\"summary_large_image\" \/>\n<meta name=\"twitter:label1\" content=\"Est. reading time\" \/>\n\t<meta name=\"twitter:data1\" content=\"3 minutes\" \/>\n<script type=\"application\/ld+json\" class=\"yoast-schema-graph\">{\"@context\":\"https:\/\/schema.org\",\"@graph\":[{\"@type\":\"WebPage\",\"@id\":\"https:\/\/sinergiasmarketing.com\/\",\"url\":\"https:\/\/sinergiasmarketing.com\/\",\"name\":\"Inicio - Optimizaci\u00f3n para Motores de B\u00fasqueda | sinergiasmarketing.com\",\"isPartOf\":{\"@id\":\"https:\/\/sinergiasmarketing.com\/#website\"},\"datePublished\":\"2023-04-27T18:10:28+00:00\",\"dateModified\":\"2024-03-04T14:45:46+00:00\",\"description\":\"Somos especialistas en Search Engine Optimization, aplicamos estrategias y t\u00e9cnicas que ayudan a posicionar mejor tu web.\",\"breadcrumb\":{\"@id\":\"https:\/\/sinergiasmarketing.com\/#breadcrumb\"},\"inLanguage\":\"en-US\",\"potentialAction\":[{\"@type\":\"ReadAction\",\"target\":[\"https:\/\/sinergiasmarketing.com\/\"]}]},{\"@type\":\"BreadcrumbList\",\"@id\":\"https:\/\/sinergiasmarketing.com\/#breadcrumb\",\"itemListElement\":[{\"@type\":\"ListItem\",\"position\":1,\"name\":\"Home\",\"item\":\"https:\/\/sinergiasmarketing.com\/\"},{\"@type\":\"ListItem\",\"position\":2,\"name\":\"Inicio\"}]},{\"@type\":\"WebSite\",\"@id\":\"https:\/\/sinergiasmarketing.com\/#website\",\"url\":\"https:\/\/sinergiasmarketing.com\/\",\"name\":\"Optimizaci\u00f3n para Motores de B\u00fasqueda | sinergiasmarketing.com\",\"description\":\"Servicios de marketing digital\",\"publisher\":{\"@id\":\"https:\/\/sinergiasmarketing.com\/#organization\"},\"alternateName\":\"sinergias de marketing\",\"potentialAction\":[{\"@type\":\"SearchAction\",\"target\":{\"@type\":\"EntryPoint\",\"urlTemplate\":\"https:\/\/sinergiasmarketing.com\/?s={search_term_string}\"},\"query-input\":\"required name=search_term_string\"}],\"inLanguage\":\"en-US\"},{\"@type\":\"Organization\",\"@id\":\"https:\/\/sinergiasmarketing.com\/#organization\",\"name\":\"Sinergias Marketing\",\"url\":\"https:\/\/sinergiasmarketing.com\/\",\"logo\":{\"@type\":\"ImageObject\",\"inLanguage\":\"en-US\",\"@id\":\"https:\/\/sinergiasmarketing.com\/#\/schema\/logo\/image\/\",\"url\":\"https:\/\/sinergiasmarketing.com\/wp-content\/uploads\/2023\/12\/cropped-Marketing-512-x-512-px.png\",\"contentUrl\":\"https:\/\/sinergiasmarketing.com\/wp-content\/uploads\/2023\/12\/cropped-Marketing-512-x-512-px.png\",\"width\":512,\"height\":512,\"caption\":\"Sinergias Marketing\"},\"image\":{\"@id\":\"https:\/\/sinergiasmarketing.com\/#\/schema\/logo\/image\/\"}}]}<\/script>\n<!-- \/ Yoast SEO plugin. -->","yoast_head_json":{"title":"Inicio - Optimizaci\u00f3n para Motores de B\u00fasqueda | sinergiasmarketing.com","description":"Somos especialistas en Search Engine Optimization, aplicamos estrategias y t\u00e9cnicas que ayudan a posicionar mejor tu web.","robots":{"index":"index","follow":"follow","max-snippet":"max-snippet:-1","max-image-preview":"max-image-preview:large","max-video-preview":"max-video-preview:-1"},"canonical":"https:\/\/sinergiasmarketing.com\/","og_locale":"en_US","og_type":"article","og_title":"Inicio - Optimizaci\u00f3n para Motores de B\u00fasqueda | sinergiasmarketing.com","og_description":"Somos especialistas en Search Engine Optimization, aplicamos estrategias y t\u00e9cnicas que ayudan a posicionar mejor tu web.","og_url":"https:\/\/sinergiasmarketing.com\/","og_site_name":"Optimizaci\u00f3n para Motores de B\u00fasqueda | sinergiasmarketing.com","article_modified_time":"2024-03-04T14:45:46+00:00","og_image":[{"width":512,"height":512,"url":"https:\/\/sinergiasmarketing.com\/wp-content\/uploads\/2023\/12\/cropped-Marketing-512-x-512-px.png","type":"image\/png"}],"twitter_card":"summary_large_image","twitter_misc":{"Est. reading time":"3 minutes"},"schema":{"@context":"https:\/\/schema.org","@graph":[{"@type":"WebPage","@id":"https:\/\/sinergiasmarketing.com\/","url":"https:\/\/sinergiasmarketing.com\/","name":"Inicio - Optimizaci\u00f3n para Motores de B\u00fasqueda | sinergiasmarketing.com","isPartOf":{"@id":"https:\/\/sinergiasmarketing.com\/#website"},"datePublished":"2023-04-27T18:10:28+00:00","dateModified":"2024-03-04T14:45:46+00:00","description":"Somos especialistas en Search Engine Optimization, aplicamos estrategias y t\u00e9cnicas que ayudan a posicionar mejor tu web.","breadcrumb":{"@id":"https:\/\/sinergiasmarketing.com\/#breadcrumb"},"inLanguage":"en-US","potentialAction":[{"@type":"ReadAction","target":["https:\/\/sinergiasmarketing.com\/"]}]},{"@type":"BreadcrumbList","@id":"https:\/\/sinergiasmarketing.com\/#breadcrumb","itemListElement":[{"@type":"ListItem","position":1,"name":"Home","item":"https:\/\/sinergiasmarketing.com\/"},{"@type":"ListItem","position":2,"name":"Inicio"}]},{"@type":"WebSite","@id":"https:\/\/sinergiasmarketing.com\/#website","url":"https:\/\/sinergiasmarketing.com\/","name":"Optimizaci\u00f3n para Motores de B\u00fasqueda | sinergiasmarketing.com","description":"Servicios de marketing digital","publisher":{"@id":"https:\/\/sinergiasmarketing.com\/#organization"},"alternateName":"sinergias de marketing","potentialAction":[{"@type":"SearchAction","target":{"@type":"EntryPoint","urlTemplate":"https:\/\/sinergiasmarketing.com\/?s={search_term_string}"},"query-input":"required name=search_term_string"}],"inLanguage":"en-US"},{"@type":"Organization","@id":"https:\/\/sinergiasmarketing.com\/#organization","name":"Sinergias Marketing","url":"https:\/\/sinergiasmarketing.com\/","logo":{"@type":"ImageObject","inLanguage":"en-US","@id":"https:\/\/sinergiasmarketing.com\/#\/schema\/logo\/image\/","url":"https:\/\/sinergiasmarketing.com\/wp-content\/uploads\/2023\/12\/cropped-Marketing-512-x-512-px.png","contentUrl":"https:\/\/sinergiasmarketing.com\/wp-content\/uploads\/2023\/12\/cropped-Marketing-512-x-512-px.png","width":512,"height":512,"caption":"Sinergias Marketing"},"image":{"@id":"https:\/\/sinergiasmarketing.com\/#\/schema\/logo\/image\/"}}]}},"_links":{"self":[{"href":"https:\/\/sinergiasmarketing.com\/index.php\/wp-json\/wp\/v2\/pages\/11"}],"collection":[{"href":"https:\/\/sinergiasmarketing.com\/index.php\/wp-json\/wp\/v2\/pages"}],"about":[{"href":"https:\/\/sinergiasmarketing.com\/index.php\/wp-json\/wp\/v2\/types\/page"}],"author":[{"embeddable":true,"href":"https:\/\/sinergiasmarketing.com\/index.php\/wp-json\/wp\/v2\/users\/1"}],"replies":[{"embeddable":true,"href":"https:\/\/sinergiasmarketing.com\/index.php\/wp-json\/wp\/v2\/comments?post=11"}],"version-history":[{"count":34,"href":"https:\/\/sinergiasmarketing.com\/index.php\/wp-json\/wp\/v2\/pages\/11\/revisions"}],"predecessor-version":[{"id":308,"href":"https:\/\/sinergiasmarketing.com\/index.php\/wp-json\/wp\/v2\/pages\/11\/revisions\/308"}],"wp:attachment":[{"href":"https:\/\/sinergiasmarketing.com\/index.php\/wp-json\/wp\/v2\/media?parent=11"}],"curies":[{"name":"wp","href":"https:\/\/api.w.org\/{rel}","templated":true}]}}