{"id":113,"date":"2023-11-30T23:44:49","date_gmt":"2023-11-30T23:44:49","guid":{"rendered":"https:\/\/sinergiasmarketing.com\/?page_id=113"},"modified":"2023-12-06T14:39:49","modified_gmt":"2023-12-06T14:39:49","slug":"contactanos","status":"publish","type":"page","link":"https:\/\/sinergiasmarketing.com\/index.php\/contactanos\/","title":{"rendered":"Cont\u00e1ctanos"},"content":{"rendered":"\n[et_pb_section fb_built=&#8221;1&#8243; _builder_version=&#8221;4.20.4&#8243; _module_preset=&#8221;default&#8221; background_image=&#8221;http:\/\/sinergiasmarketing.com\/wp-content\/uploads\/2023\/05\/Sinergias-Marketing-1.png&#8221; module_alignment=&#8221;center&#8221; min_height=&#8221;258px&#8221; custom_margin=&#8221;0px||21px||false|false&#8221; custom_padding=&#8221;0px||47px||false|false&#8221; hover_enabled=&#8221;0&#8243; global_colors_info=&#8221;{}&#8221; sticky_enabled=&#8221;0&#8243;][et_pb_row _builder_version=&#8221;4.20.4&#8243; _module_preset=&#8221;default&#8221; global_colors_info=&#8221;{}&#8221; theme_builder_area=&#8221;post_content&#8221;][et_pb_column type=&#8221;4_4&#8243; _builder_version=&#8221;4.20.4&#8243; _module_preset=&#8221;default&#8221; global_colors_info=&#8221;{}&#8221; theme_builder_area=&#8221;post_content&#8221;][et_pb_text _builder_version=&#8221;4.20.4&#8243; _module_preset=&#8221;default&#8221; text_font=&#8221;Aclonica||||||||&#8221; header_font=&#8221;Open Sans|800||||on|||&#8221; header_font_size=&#8221;69px&#8221; header_letter_spacing=&#8221;1px&#8221; header_2_font_size=&#8221;20px&#8221; module_alignment=&#8221;left&#8221; custom_margin=&#8221;185px||||false|false&#8221; custom_margin_tablet=&#8221;185px||||false|false&#8221; custom_margin_phone=&#8221;138px||||false|false&#8221; custom_margin_last_edited=&#8221;on|phone&#8221; animation_style=&#8221;fade&#8221; global_colors_info=&#8221;{}&#8221; theme_builder_area=&#8221;post_content&#8221;]<h1><span style=\"color: #ffffff;\">Sinergias<\/span><\/h1>[\/et_pb_text][et_pb_text _builder_version=&#8221;4.20.4&#8243; _module_preset=&#8221;default&#8221; text_font_size=&#8221;11px&#8221; header_font_size=&#8221;28px&#8221; header_2_font=&#8221;Archivo Narrow||||||||&#8221; header_2_font_size=&#8221;80px&#8221; header_2_line_height=&#8221;0em&#8221; animation_style=&#8221;zoom&#8221; global_colors_info=&#8221;{}&#8221; theme_builder_area=&#8221;post_content&#8221;]<h2><span style=\"color: #ffffff;\">Marketing<\/span><\/h2>[\/et_pb_text][\/et_pb_column][\/et_pb_row][\/et_pb_section][et_pb_section fb_built=&#8221;1&#8243; _builder_version=&#8221;4.20.4&#8243; _module_preset=&#8221;default&#8221; custom_padding=&#8221;16px|||||&#8221; global_colors_info=&#8221;{}&#8221;][et_pb_row _builder_version=&#8221;4.20.4&#8243; _module_preset=&#8221;default&#8221; global_colors_info=&#8221;{}&#8221;][et_pb_column type=&#8221;4_4&#8243; _builder_version=&#8221;4.20.4&#8243; _module_preset=&#8221;default&#8221; global_colors_info=&#8221;{}&#8221;][et_pb_text _builder_version=&#8221;4.20.4&#8243; _module_preset=&#8221;default&#8221; global_colors_info=&#8221;{}&#8221;]<h1><strong>Expl\u00edcanos cu\u00e1l es tu requerimiento<\/strong><\/h1>[\/et_pb_text][\/et_pb_column][\/et_pb_row][et_pb_row _builder_version=&#8221;4.20.4&#8243; _module_preset=&#8221;default&#8221; custom_padding=&#8221;10px|||||&#8221; global_colors_info=&#8221;{}&#8221;][et_pb_column type=&#8221;4_4&#8243; _builder_version=&#8221;4.20.4&#8243; _module_preset=&#8221;default&#8221; global_colors_info=&#8221;{}&#8221;][et_pb_code _builder_version=&#8221;4.20.4&#8243; _module_preset=&#8221;default&#8221; global_colors_info=&#8221;{}&#8221;]<div class=\"forminator-ui forminator-custom-form forminator-custom-form-132 forminator-design--default  forminator_ajax\" data-forminator-render=\"0\" data-form=\"forminator-module-132\" data-uid=\"69e4c27776afd\"><br\/><\/div><form\n\t\t\t\tid=\"forminator-module-132\"\n\t\t\t\tclass=\"forminator-ui forminator-custom-form forminator-custom-form-132 forminator-design--default  forminator_ajax\"\n\t\t\t\tmethod=\"post\"\n\t\t\t\tdata-forminator-render=\"0\"\n\t\t\t\tdata-form-id=\"132\"\n\t\t\t\t\n\t\t\t\tdata-design=\"default\"\n\t\t\t\t\n\t\t\t\t\n\t\t\t\t\n\t\t\t\tdata-grid=\"open\"\n\t\t\t\t\n\t\t\t\t\n\t\t\t\tstyle=\"display: none;\"\n\t\t\t\t\n\t\t\t\tdata-uid=\"69e4c27776afd\"\n\t\t\t><div role=\"alert\" aria-live=\"polite\" class=\"forminator-response-message forminator-error\" aria-hidden=\"true\"><\/div><div class=\"forminator-row\"><div id=\"name-1\" class=\"forminator-field-name forminator-col forminator-col-12 \"><div class=\"forminator-field\"><label for=\"forminator-field-name-1_69e4c27776afd\" class=\"forminator-label\" id=\"forminator-field-name-1_69e4c27776afd-label\">Nombre y apellido <span class=\"forminator-required\">*<\/span><\/label><input type=\"text\" name=\"name-1\" value=\"\" placeholder=\"Escribe tu nombre y apellido\" id=\"forminator-field-name-1_69e4c27776afd\" class=\"forminator-input forminator-name--field\" aria-required=\"true\" \/><\/div><\/div><\/div><div class=\"forminator-row\"><div id=\"email-1\" class=\"forminator-field-email forminator-col forminator-col-12 \"><div class=\"forminator-field\"><label for=\"forminator-field-email-1_69e4c27776afd\" class=\"forminator-label\" id=\"forminator-field-email-1_69e4c27776afd-label\">Correo electr\u00f3nico <span class=\"forminator-required\">*<\/span><\/label><input type=\"email\" name=\"email-1\" value=\"\" placeholder=\"Por ejemplo:  john@doe.com\" id=\"forminator-field-email-1_69e4c27776afd\" class=\"forminator-input forminator-email--field\" data-required=\"true\" aria-required=\"true\" \/><\/div><\/div><\/div><div class=\"forminator-row\"><div id=\"phone-1\" class=\"forminator-field-phone forminator-col forminator-col-12 \"><div class=\"forminator-field\"><label for=\"forminator-field-phone-1_69e4c27776afd\" class=\"forminator-label\" id=\"forminator-field-phone-1_69e4c27776afd-label\">N\u00famero de tel\u00e9fono<\/label><input type=\"text\" name=\"phone-1\" value=\"\" placeholder=\"Por ehjemplo: +1 3004005000\" id=\"forminator-field-phone-1_69e4c27776afd\" class=\"forminator-input forminator-field--phone\" data-required=\"\" aria-required=\"false\" autocomplete=\"off\" \/><\/div><\/div><\/div><div class=\"forminator-row\"><div id=\"textarea-1\" class=\"forminator-field-textarea forminator-col forminator-col-12 \"><div class=\"forminator-field\"><label for=\"forminator-field-textarea-1_69e4c27776afd\" id=\"forminator-field-textarea-1_69e4c27776afd-label\" class=\"forminator-label\">Descripci\u00f3n de la necesidad<\/label><textarea name=\"textarea-1\" placeholder=\"Expl\u00edcanos tu proyecto...\" id=\"forminator-field-textarea-1_69e4c27776afd\" class=\"forminator-textarea\" rows=\"6\" style=\"min-height:140px;\" maxlength=\"180\" ><\/textarea><span id=\"forminator-field-textarea-1_69e4c27776afd-description\" class=\"forminator-description\"><span data-limit=\"180\" data-type=\"characters\">0 \/ 180<\/span><\/span><\/div><\/div><\/div><div class=\"forminator-row\"><div id=\"captcha-1\" class=\"forminator-field-captcha forminator-col forminator-col-12 \"><div class=\"forminator-g-recaptcha recaptcha-invisible\" data-theme=\"light\" data-badge=\"bottomright\" data-sitekey=\"6LfhiSMpAAAAAFvyOPXujODZEVXMHgexgM2cWQtt\" data-size=\"invisible\"><\/div> <\/div><\/div><input type=\"hidden\" name=\"referer_url\" value=\"\" \/><div class=\"forminator-row forminator-row-last\"><div class=\"forminator-col\"><div class=\"forminator-field\"><button class=\"forminator-button forminator-button-submit\">Enviar<\/button><\/div><\/div><\/div><input type=\"hidden\" id=\"forminator_nonce\" name=\"forminator_nonce\" value=\"970a71a4a0\" \/><input type=\"hidden\" name=\"_wp_http_referer\" value=\"\/index.php\/wp-json\/wp\/v2\/pages\/113\" \/><input type=\"hidden\" name=\"form_id\" value=\"132\"><input type=\"hidden\" name=\"page_id\" value=\"113\"><input type=\"hidden\" name=\"form_type\" value=\"default\"><input type=\"hidden\" name=\"current_url\" value=\"https:\/\/sinergiasmarketing.com\/index.php\/contactanos\/\"><input type=\"hidden\" name=\"render_id\" value=\"0\"><input type=\"hidden\" name=\"action\" value=\"forminator_submit_form_custom-forms\"><\/form>[\/et_pb_code][\/et_pb_column][\/et_pb_row][\/et_pb_section]\n","protected":false},"excerpt":{"rendered":"<p>SinergiasMarketingExpl\u00edcanos cu\u00e1l es tu requerimiento<div class=\"forminator-ui forminator-custom-form forminator-custom-form-132 forminator-design--default  forminator_ajax\" data-forminator-render=\"1\" data-form=\"forminator-module-132\" data-uid=\"69e4c277e6611\"><br\/><\/div><form\n\t\t\t\tid=\"forminator-module-132\"\n\t\t\t\tclass=\"forminator-ui forminator-custom-form forminator-custom-form-132 forminator-design--default  forminator_ajax\"\n\t\t\t\tmethod=\"post\"\n\t\t\t\tdata-forminator-render=\"1\"\n\t\t\t\tdata-form-id=\"132\"\n\t\t\t\t\n\t\t\t\tdata-design=\"default\"\n\t\t\t\t\n\t\t\t\t\n\t\t\t\t\n\t\t\t\tdata-grid=\"open\"\n\t\t\t\t\n\t\t\t\t\n\t\t\t\tstyle=\"display: none;\"\n\t\t\t\t\n\t\t\t\tdata-uid=\"69e4c277e6611\"\n\t\t\t><div role=\"alert\" aria-live=\"polite\" class=\"forminator-response-message forminator-error\" aria-hidden=\"true\"><\/div><div class=\"forminator-row\"><div id=\"name-1\" class=\"forminator-field-name forminator-col forminator-col-12 \"><div class=\"forminator-field\"><label for=\"forminator-field-name-1_69e4c277e6611\" class=\"forminator-label\" id=\"forminator-field-name-1_69e4c277e6611-label\">Nombre y apellido <span class=\"forminator-required\">*<\/span><\/label><input type=\"text\" name=\"name-1\" value=\"\" placeholder=\"Escribe tu nombre y apellido\" id=\"forminator-field-name-1_69e4c277e6611\" class=\"forminator-input forminator-name--field\" aria-required=\"true\" \/><\/div><\/div><\/div><div class=\"forminator-row\"><div id=\"email-1\" class=\"forminator-field-email forminator-col forminator-col-12 \"><div class=\"forminator-field\"><label for=\"forminator-field-email-1_69e4c277e6611\" class=\"forminator-label\" id=\"forminator-field-email-1_69e4c277e6611-label\">Correo electr\u00f3nico <span class=\"forminator-required\">*<\/span><\/label><input type=\"email\" name=\"email-1\" value=\"\" placeholder=\"Por ejemplo:  john@doe.com\" id=\"forminator-field-email-1_69e4c277e6611\" class=\"forminator-input forminator-email--field\" data-required=\"true\" aria-required=\"true\" \/><\/div><\/div><\/div><div class=\"forminator-row\"><div id=\"phone-1\" class=\"forminator-field-phone forminator-col forminator-col-12 \"><div class=\"forminator-field\"><label for=\"forminator-field-phone-1_69e4c277e6611\" class=\"forminator-label\" id=\"forminator-field-phone-1_69e4c277e6611-label\">N\u00famero de tel\u00e9fono<\/label><input type=\"text\" name=\"phone-1\" value=\"\" placeholder=\"Por ehjemplo: +1 3004005000\" id=\"forminator-field-phone-1_69e4c277e6611\" class=\"forminator-input forminator-field--phone\" data-required=\"\" aria-required=\"false\" autocomplete=\"off\" \/><\/div><\/div><\/div><div class=\"forminator-row\"><div id=\"textarea-1\" class=\"forminator-field-textarea forminator-col forminator-col-12 \"><div class=\"forminator-field\"><label for=\"forminator-field-textarea-1_69e4c277e6611\" id=\"forminator-field-textarea-1_69e4c277e6611-label\" class=\"forminator-label\">Descripci\u00f3n de la necesidad<\/label><textarea name=\"textarea-1\" placeholder=\"Expl\u00edcanos tu proyecto...\" id=\"forminator-field-textarea-1_69e4c277e6611\" class=\"forminator-textarea\" rows=\"6\" style=\"min-height:140px;\" maxlength=\"180\" ><\/textarea><span id=\"forminator-field-textarea-1_69e4c277e6611-description\" class=\"forminator-description\"><span data-limit=\"180\" data-type=\"characters\">0 \/ 180<\/span><\/span><\/div><\/div><\/div><div class=\"forminator-row\"><div id=\"captcha-1\" class=\"forminator-field-captcha forminator-col forminator-col-12 \"><div class=\"forminator-g-recaptcha recaptcha-invisible\" data-theme=\"light\" data-badge=\"bottomright\" data-sitekey=\"6LfhiSMpAAAAAFvyOPXujODZEVXMHgexgM2cWQtt\" data-size=\"invisible\"><\/div> <\/div><\/div><input type=\"hidden\" name=\"referer_url\" value=\"\" \/><div class=\"forminator-row forminator-row-last\"><div class=\"forminator-col\"><div class=\"forminator-field\"><button class=\"forminator-button forminator-button-submit\">Enviar<\/button><\/div><\/div><\/div><input type=\"hidden\" id=\"forminator_nonce\" name=\"forminator_nonce\" value=\"970a71a4a0\" \/><input type=\"hidden\" name=\"_wp_http_referer\" value=\"\/index.php\/wp-json\/wp\/v2\/pages\/113\" \/><input type=\"hidden\" name=\"form_id\" value=\"132\"><input type=\"hidden\" name=\"page_id\" value=\"113\"><input type=\"hidden\" name=\"form_type\" value=\"default\"><input type=\"hidden\" name=\"current_url\" value=\"https:\/\/sinergiasmarketing.com\/index.php\/contactanos\/\"><input type=\"hidden\" name=\"render_id\" value=\"1\"><input type=\"hidden\" name=\"action\" value=\"forminator_submit_form_custom-forms\"><\/form><\/p>\n","protected":false},"author":1,"featured_media":0,"parent":0,"menu_order":0,"comment_status":"closed","ping_status":"closed","template":"","meta":{"_et_pb_use_builder":"on","_et_pb_old_content":"","_et_gb_content_width":"","footnotes":""},"yoast_head":"<!-- This site is optimized with the Yoast SEO plugin v22.1 - https:\/\/yoast.com\/wordpress\/plugins\/seo\/ -->\n<title>Cont\u00e1ctanos - Optimizaci\u00f3n para Motores de B\u00fasqueda | sinergiasmarketing.com<\/title>\n<meta name=\"description\" content=\"Somos especialistas en SEO, aplicamos una serie de estrategias y t\u00e9cnicas que ayudan a que los sitios web tengan una mayor visibilidad.\" \/>\n<meta name=\"robots\" content=\"index, follow, max-snippet:-1, max-image-preview:large, max-video-preview:-1\" \/>\n<link rel=\"canonical\" href=\"https:\/\/sinergiasmarketing.com\/index.php\/contactanos\/\" \/>\n<meta property=\"og:locale\" content=\"en_US\" \/>\n<meta property=\"og:type\" content=\"article\" \/>\n<meta property=\"og:title\" content=\"Cont\u00e1ctanos - Optimizaci\u00f3n para Motores de B\u00fasqueda | sinergiasmarketing.com\" \/>\n<meta property=\"og:description\" content=\"Somos especialistas en SEO, aplicamos una serie de estrategias y t\u00e9cnicas que ayudan a que los sitios web tengan una mayor visibilidad.\" \/>\n<meta property=\"og:url\" content=\"https:\/\/sinergiasmarketing.com\/index.php\/contactanos\/\" \/>\n<meta property=\"og:site_name\" content=\"Optimizaci\u00f3n para Motores de B\u00fasqueda | sinergiasmarketing.com\" \/>\n<meta property=\"article:modified_time\" content=\"2023-12-06T14:39:49+00:00\" \/>\n<meta property=\"og:image\" content=\"https:\/\/sinergiasmarketing.com\/wp-content\/uploads\/2023\/12\/cropped-Marketing-512-x-512-px.png\" \/>\n\t<meta property=\"og:image:width\" content=\"512\" \/>\n\t<meta property=\"og:image:height\" content=\"512\" \/>\n\t<meta property=\"og:image:type\" content=\"image\/png\" \/>\n<meta name=\"twitter:card\" content=\"summary_large_image\" \/>\n<meta name=\"twitter:label1\" content=\"Est. reading time\" \/>\n\t<meta name=\"twitter:data1\" content=\"1 minute\" \/>\n<script type=\"application\/ld+json\" class=\"yoast-schema-graph\">{\"@context\":\"https:\/\/schema.org\",\"@graph\":[{\"@type\":\"WebPage\",\"@id\":\"https:\/\/sinergiasmarketing.com\/index.php\/contactanos\/\",\"url\":\"https:\/\/sinergiasmarketing.com\/index.php\/contactanos\/\",\"name\":\"Cont\u00e1ctanos - Optimizaci\u00f3n para Motores de B\u00fasqueda | sinergiasmarketing.com\",\"isPartOf\":{\"@id\":\"https:\/\/sinergiasmarketing.com\/#website\"},\"datePublished\":\"2023-11-30T23:44:49+00:00\",\"dateModified\":\"2023-12-06T14:39:49+00:00\",\"description\":\"Somos especialistas en SEO, aplicamos una serie de estrategias y t\u00e9cnicas que ayudan a que los sitios web tengan una mayor visibilidad.\",\"breadcrumb\":{\"@id\":\"https:\/\/sinergiasmarketing.com\/index.php\/contactanos\/#breadcrumb\"},\"inLanguage\":\"en-US\",\"potentialAction\":[{\"@type\":\"ReadAction\",\"target\":[\"https:\/\/sinergiasmarketing.com\/index.php\/contactanos\/\"]}]},{\"@type\":\"BreadcrumbList\",\"@id\":\"https:\/\/sinergiasmarketing.com\/index.php\/contactanos\/#breadcrumb\",\"itemListElement\":[{\"@type\":\"ListItem\",\"position\":1,\"name\":\"Home\",\"item\":\"https:\/\/sinergiasmarketing.com\/\"},{\"@type\":\"ListItem\",\"position\":2,\"name\":\"Cont\u00e1ctanos\"}]},{\"@type\":\"WebSite\",\"@id\":\"https:\/\/sinergiasmarketing.com\/#website\",\"url\":\"https:\/\/sinergiasmarketing.com\/\",\"name\":\"Optimizaci\u00f3n para Motores de B\u00fasqueda | sinergiasmarketing.com\",\"description\":\"Servicios de marketing digital\",\"publisher\":{\"@id\":\"https:\/\/sinergiasmarketing.com\/#organization\"},\"alternateName\":\"sinergias de marketing\",\"potentialAction\":[{\"@type\":\"SearchAction\",\"target\":{\"@type\":\"EntryPoint\",\"urlTemplate\":\"https:\/\/sinergiasmarketing.com\/?s={search_term_string}\"},\"query-input\":\"required name=search_term_string\"}],\"inLanguage\":\"en-US\"},{\"@type\":\"Organization\",\"@id\":\"https:\/\/sinergiasmarketing.com\/#organization\",\"name\":\"Sinergias Marketing\",\"url\":\"https:\/\/sinergiasmarketing.com\/\",\"logo\":{\"@type\":\"ImageObject\",\"inLanguage\":\"en-US\",\"@id\":\"https:\/\/sinergiasmarketing.com\/#\/schema\/logo\/image\/\",\"url\":\"https:\/\/sinergiasmarketing.com\/wp-content\/uploads\/2023\/12\/cropped-Marketing-512-x-512-px.png\",\"contentUrl\":\"https:\/\/sinergiasmarketing.com\/wp-content\/uploads\/2023\/12\/cropped-Marketing-512-x-512-px.png\",\"width\":512,\"height\":512,\"caption\":\"Sinergias Marketing\"},\"image\":{\"@id\":\"https:\/\/sinergiasmarketing.com\/#\/schema\/logo\/image\/\"}}]}<\/script>\n<!-- \/ Yoast SEO plugin. -->","yoast_head_json":{"title":"Cont\u00e1ctanos - Optimizaci\u00f3n para Motores de B\u00fasqueda | sinergiasmarketing.com","description":"Somos especialistas en SEO, aplicamos una serie de estrategias y t\u00e9cnicas que ayudan a que los sitios web tengan una mayor visibilidad.","robots":{"index":"index","follow":"follow","max-snippet":"max-snippet:-1","max-image-preview":"max-image-preview:large","max-video-preview":"max-video-preview:-1"},"canonical":"https:\/\/sinergiasmarketing.com\/index.php\/contactanos\/","og_locale":"en_US","og_type":"article","og_title":"Cont\u00e1ctanos - Optimizaci\u00f3n para Motores de B\u00fasqueda | sinergiasmarketing.com","og_description":"Somos especialistas en SEO, aplicamos una serie de estrategias y t\u00e9cnicas que ayudan a que los sitios web tengan una mayor visibilidad.","og_url":"https:\/\/sinergiasmarketing.com\/index.php\/contactanos\/","og_site_name":"Optimizaci\u00f3n para Motores de B\u00fasqueda | sinergiasmarketing.com","article_modified_time":"2023-12-06T14:39:49+00:00","og_image":[{"width":512,"height":512,"url":"https:\/\/sinergiasmarketing.com\/wp-content\/uploads\/2023\/12\/cropped-Marketing-512-x-512-px.png","type":"image\/png"}],"twitter_card":"summary_large_image","twitter_misc":{"Est. reading time":"1 minute"},"schema":{"@context":"https:\/\/schema.org","@graph":[{"@type":"WebPage","@id":"https:\/\/sinergiasmarketing.com\/index.php\/contactanos\/","url":"https:\/\/sinergiasmarketing.com\/index.php\/contactanos\/","name":"Cont\u00e1ctanos - Optimizaci\u00f3n para Motores de B\u00fasqueda | sinergiasmarketing.com","isPartOf":{"@id":"https:\/\/sinergiasmarketing.com\/#website"},"datePublished":"2023-11-30T23:44:49+00:00","dateModified":"2023-12-06T14:39:49+00:00","description":"Somos especialistas en SEO, aplicamos una serie de estrategias y t\u00e9cnicas que ayudan a que los sitios web tengan una mayor visibilidad.","breadcrumb":{"@id":"https:\/\/sinergiasmarketing.com\/index.php\/contactanos\/#breadcrumb"},"inLanguage":"en-US","potentialAction":[{"@type":"ReadAction","target":["https:\/\/sinergiasmarketing.com\/index.php\/contactanos\/"]}]},{"@type":"BreadcrumbList","@id":"https:\/\/sinergiasmarketing.com\/index.php\/contactanos\/#breadcrumb","itemListElement":[{"@type":"ListItem","position":1,"name":"Home","item":"https:\/\/sinergiasmarketing.com\/"},{"@type":"ListItem","position":2,"name":"Cont\u00e1ctanos"}]},{"@type":"WebSite","@id":"https:\/\/sinergiasmarketing.com\/#website","url":"https:\/\/sinergiasmarketing.com\/","name":"Optimizaci\u00f3n para Motores de B\u00fasqueda | sinergiasmarketing.com","description":"Servicios de marketing digital","publisher":{"@id":"https:\/\/sinergiasmarketing.com\/#organization"},"alternateName":"sinergias de marketing","potentialAction":[{"@type":"SearchAction","target":{"@type":"EntryPoint","urlTemplate":"https:\/\/sinergiasmarketing.com\/?s={search_term_string}"},"query-input":"required name=search_term_string"}],"inLanguage":"en-US"},{"@type":"Organization","@id":"https:\/\/sinergiasmarketing.com\/#organization","name":"Sinergias Marketing","url":"https:\/\/sinergiasmarketing.com\/","logo":{"@type":"ImageObject","inLanguage":"en-US","@id":"https:\/\/sinergiasmarketing.com\/#\/schema\/logo\/image\/","url":"https:\/\/sinergiasmarketing.com\/wp-content\/uploads\/2023\/12\/cropped-Marketing-512-x-512-px.png","contentUrl":"https:\/\/sinergiasmarketing.com\/wp-content\/uploads\/2023\/12\/cropped-Marketing-512-x-512-px.png","width":512,"height":512,"caption":"Sinergias Marketing"},"image":{"@id":"https:\/\/sinergiasmarketing.com\/#\/schema\/logo\/image\/"}}]}},"_links":{"self":[{"href":"https:\/\/sinergiasmarketing.com\/index.php\/wp-json\/wp\/v2\/pages\/113"}],"collection":[{"href":"https:\/\/sinergiasmarketing.com\/index.php\/wp-json\/wp\/v2\/pages"}],"about":[{"href":"https:\/\/sinergiasmarketing.com\/index.php\/wp-json\/wp\/v2\/types\/page"}],"author":[{"embeddable":true,"href":"https:\/\/sinergiasmarketing.com\/index.php\/wp-json\/wp\/v2\/users\/1"}],"replies":[{"embeddable":true,"href":"https:\/\/sinergiasmarketing.com\/index.php\/wp-json\/wp\/v2\/comments?post=113"}],"version-history":[{"count":15,"href":"https:\/\/sinergiasmarketing.com\/index.php\/wp-json\/wp\/v2\/pages\/113\/revisions"}],"predecessor-version":[{"id":225,"href":"https:\/\/sinergiasmarketing.com\/index.php\/wp-json\/wp\/v2\/pages\/113\/revisions\/225"}],"wp:attachment":[{"href":"https:\/\/sinergiasmarketing.com\/index.php\/wp-json\/wp\/v2\/media?parent=113"}],"curies":[{"name":"wp","href":"https:\/\/api.w.org\/{rel}","templated":true}]}}